{"id":84,"date":"2025-10-09T11:44:40","date_gmt":"2025-10-09T11:44:40","guid":{"rendered":"https:\/\/www.markolehti.fi\/wcms\/?page_id=84"},"modified":"2025-10-09T11:44:40","modified_gmt":"2025-10-09T11:44:40","slug":"hoitomenetelmat","status":"publish","type":"page","link":"https:\/\/www.markolehti.fi\/wcms\/hoitomenetelmat\/","title":{"rendered":"Hoitomenetelm\u00e4t"},"content":{"rendered":"\n<p><strong>Teen perinteist\u00e4 Klassista Hierontaa \u00f6ljyll\u00e4 tai kankaan l\u00e4vitse, J\u00e4senkorjausta potilaalle parhaaksi katsomillani tekniikoilla. Kaustisen J\u00e4senkorjaus, Kalevalainen J\u00e4senkorjaus.<\/strong><\/p>\n\n\n\n<p><strong>Olen hyvin perehtynyt molempiin tyylisuuntiin Kalevalaisen J\u00e4senkorjauksen kehitt\u00e4j\u00e4 Olavi M\u00e4kel\u00e4 toimi opettajanani Kaustisella 1991-1993 Kaustislaista tyyli\u00e4 opettivat Heikki Jylh\u00e4, Pentti Penttil\u00e4, Matti Liedes.<\/strong><\/p>\n\n\n\n<p><strong>Hoitomenetelmien keskeisin ero on siin\u00e4 ett\u00e4 kaustislainen pyrkii puuttumaan ongelman v\u00e4litt\u00f6m\u00e4\u00e4n syyhyn ts jos kaadut ja nyrj\u00e4yt\u00e4t nilkkasi niin hoidetaan ensisijaisesti nilkkaa. Kalevalainen tapa on tehd\u00e4 puolentoista tunnin tai kahden tunnin hoito jossa hoidetaan periaattessa koko keho. <\/strong><\/p>\n\n\n\n<p><strong>Perehtyneen\u00e4 eri hoitajien tekniikoihin voin todeta,ett\u00e4 asiansa osaavien hoitajien tekniikoissa ei ole suuria eroja koska kaikki menetelm\u00e4t ovat per\u00e4isin pienelt\u00e4 alueelta Keski pohjanmaan Perhonjokilaaksosta jossa perinne on s\u00e4ilynyt sukupolvien ajan. Erot ovat l\u00e4hinn\u00e4 osaamistasossa kyseess\u00e4 on kuitenkin tyypillinen k\u00e4sity\u00f6l\u00e4isammatti jossa mestariksi tuleminen vaatii vuosien tai vuosikymmenten ty\u00f6skentelyn. Taitoa ei ole mahdollista oppia muutaman viikonlopun kurssituksilla joita ik\u00e4v\u00e4 kyll\u00e4 on runsaasti j\u00e4rjestetty eri toimijoiden taholta.<\/strong><\/p>\n\n\n\n<p><strong>On hyv\u00e4 tiet\u00e4\u00e4, ett\u00e4 muista nimikkeist\u00e4 eroten Kalevalainen j\u00e4senkorjaaja on tavaramerkki.<\/strong><br><strong>Kyseess\u00e4 ei siis ole tutkinto vaan rekister\u00f6ity tavaramerkki.<\/strong><\/p>\n","protected":false},"excerpt":{"rendered":"<p>Teen perinteist\u00e4 Klassista Hierontaa \u00f6ljyll\u00e4 tai kankaan l\u00e4vitse, J\u00e4senkorjausta potilaalle parhaaksi katsomillani tekniikoilla. Kaustisen J\u00e4senkorjaus, Kalevalainen J\u00e4senkorjaus. Olen hyvin perehtynyt molempiin tyylisuuntiin Kalevalaisen J\u00e4senkorjauksen kehitt\u00e4j\u00e4 Olavi M\u00e4kel\u00e4 toimi opettajanani Kaustisella 1991-1993 Kaustislaista tyyli\u00e4 opettivat Heikki Jylh\u00e4, Pentti Penttil\u00e4, Matti Liedes. Hoitomenetelmien keskeisin ero on siin\u00e4 ett\u00e4 kaustislainen pyrkii puuttumaan ongelman v\u00e4litt\u00f6m\u00e4\u00e4n syyhyn ts jos kaadut [&hellip;]<\/p>\n","protected":false},"author":1,"featured_media":0,"parent":0,"menu_order":0,"comment_status":"closed","ping_status":"closed","template":"","meta":{"footnotes":""},"class_list":["post-84","page","type-page","status-publish","hentry"],"_links":{"self":[{"href":"https:\/\/www.markolehti.fi\/wcms\/wp-json\/wp\/v2\/pages\/84","targetHints":{"allow":["GET"]}}],"collection":[{"href":"https:\/\/www.markolehti.fi\/wcms\/wp-json\/wp\/v2\/pages"}],"about":[{"href":"https:\/\/www.markolehti.fi\/wcms\/wp-json\/wp\/v2\/types\/page"}],"author":[{"embeddable":true,"href":"https:\/\/www.markolehti.fi\/wcms\/wp-json\/wp\/v2\/users\/1"}],"replies":[{"embeddable":true,"href":"https:\/\/www.markolehti.fi\/wcms\/wp-json\/wp\/v2\/comments?post=84"}],"version-history":[{"count":1,"href":"https:\/\/www.markolehti.fi\/wcms\/wp-json\/wp\/v2\/pages\/84\/revisions"}],"predecessor-version":[{"id":85,"href":"https:\/\/www.markolehti.fi\/wcms\/wp-json\/wp\/v2\/pages\/84\/revisions\/85"}],"wp:attachment":[{"href":"https:\/\/www.markolehti.fi\/wcms\/wp-json\/wp\/v2\/media?parent=84"}],"curies":[{"name":"wp","href":"https:\/\/api.w.org\/{rel}","templated":true}]}}