{"id":24,"date":"2025-10-02T13:12:04","date_gmt":"2025-10-02T13:12:04","guid":{"rendered":"https:\/\/www.markolehti.fi\/wcms\/?page_id=24"},"modified":"2025-10-09T12:36:18","modified_gmt":"2025-10-09T12:36:18","slug":"koulutukseni","status":"publish","type":"page","link":"https:\/\/www.markolehti.fi\/wcms\/koulutukseni\/","title":{"rendered":"Koulutukseni"},"content":{"rendered":"\n<p><strong>1991 Kaustisen Kansanl\u00e4\u00e4kint\u00e4keskuksesssa alkoi 2-vuotinen kansanparantajakoulutus, johon seitsem\u00e4st\u00e4kymmenest\u00e4 hakijasta valittiin 18 oppilasta. Koulutus oli kokop\u00e4iv\u00e4toimista viiten\u00e4 p\u00e4iv\u00e4n\u00e4 viikossa. Koulutukseen sis\u00e4ltyi hierojan tutkinto. J\u00e4senkorjausta ja kansanparannusta opetettiin jo alusta alkaen.<\/strong><br><br><strong>Moni oppilaista oli jo useita vuosia kansanparantajana toiminut, eli kaikki eiv\u00e4t noviiseja olleet. Kev\u00e4\u00e4ll\u00e4 1993 kaksitoista heist\u00e4 valmistui ja n\u00e4ist\u00e4 seitsem\u00e4n on siit\u00e4 asti tehnyt p\u00e4\u00e4toimisesti parantajan ty\u00f6t\u00e4. N\u00e4in laajaa koulutusta ei t\u00e4m\u00e4n j\u00e4lkeen ole valitettavasti j\u00e4rjestetty.<\/strong><br><br><strong>P\u00e4\u00e4opettajanani toimi Pentti Penttil\u00e4, jonka ty\u00f6skentely\u00e4 seurasin vuosina -91-93 Kaustisen Kansanl\u00e4\u00e4kint\u00e4keskuksessa satojen potilaiden parantajana. Oppia ovat antaneet my\u00f6s : Heikki Jylh\u00e4, Olavi Virkkala, Kimmo Anttila, Olavi M\u00e4kel\u00e4, Aini Hautala, Seppo Nurmela, Ritva Pehkonen, Mauri Haapala, Matti Liedes, Heikki Hemmil\u00e4, Risto Santti ja Ljudmila Rumjatseva.<\/strong><br><br><strong>Oppilaista ainoana tein lopputy\u00f6ni j\u00e4senkorjauksesta, joka sis\u00e4lt\u00e4\u00e4 j\u00e4senkorjauksen ja kansanparannuksen menetelmi\u00e4.<\/strong><br><br><strong>Olen toiminut my\u00f6s hieronnan ja erikoishieronnan opettajana Suomen Erikoshierojaopistossa ja opettanut j\u00e4senkorjausta Kaustisen Kansanl\u00e4\u00e4kint\u00e4keskuksen viikonloppukursseilla.<\/strong><br><br><strong>Lis\u00e4koulutusta olen saanut Turun Yliopiston<\/strong><br><strong>l\u00e4\u00e4ketieteellisen tiedekunnan professorin Risto Santin ja L\u00e4\u00e4k\u00e4ri Heikki Hemmil\u00e4n Turun Yliopiston anatomian laitoksella j\u00e4rjest\u00e4m\u00e4ll\u00e4 kurssilla.<\/strong><br><br><strong>Olen perehtynyt my\u00f6s vuodesta 1985 l\u00e4htien japanilaiseen Ju-Jutsu kamppailulajiin. Ju-Jutsussa tehd\u00e4\u00e4n erilaisia niveliin ja lihaksiin kohdistuvia tekniikoita sek\u00e4 hy\u00f6dynnet\u00e4\u00e4n akupunktiopisteit\u00e4. Lajiin kuuluu my\u00f6s perehtyminen perinteisiin parantamisen menetelmiin. Mustan vy\u00f6n olen saanut vuonna 1995.<\/strong><\/p>\n\n\n\n<p><\/p>\n\n\n\n<p class=\"is-style-text-annotation is-style-text-annotation--1\">Todistukseni<\/p>\n\n\n\n<figure class=\"wp-block-gallery has-nested-images columns-2 wp-block-gallery-2 is-layout-flex wp-block-gallery-is-layout-flex\">\n<figure class=\"wp-block-image size-full\"><img loading=\"lazy\" decoding=\"async\" width=\"286\" height=\"400\" data-id=\"77\" src=\"https:\/\/www.markolehti.fi\/wcms\/wp-content\/uploads\/2025\/10\/hieroja.jpg\" alt=\"\" class=\"wp-image-77\" srcset=\"https:\/\/www.markolehti.fi\/wcms\/wp-content\/uploads\/2025\/10\/hieroja.jpg 286w, https:\/\/www.markolehti.fi\/wcms\/wp-content\/uploads\/2025\/10\/hieroja-215x300.jpg 215w\" sizes=\"auto, (max-width: 286px) 100vw, 286px\" \/><\/figure>\n\n\n\n<figure class=\"wp-block-image size-full\"><img loading=\"lazy\" decoding=\"async\" width=\"287\" height=\"400\" data-id=\"79\" src=\"https:\/\/www.markolehti.fi\/wcms\/wp-content\/uploads\/2025\/10\/paastotodistus.jpg\" alt=\"\" class=\"wp-image-79\" srcset=\"https:\/\/www.markolehti.fi\/wcms\/wp-content\/uploads\/2025\/10\/paastotodistus.jpg 287w, https:\/\/www.markolehti.fi\/wcms\/wp-content\/uploads\/2025\/10\/paastotodistus-215x300.jpg 215w\" sizes=\"auto, (max-width: 287px) 100vw, 287px\" \/><\/figure>\n\n\n\n<figure class=\"wp-block-image size-full\"><img loading=\"lazy\" decoding=\"async\" width=\"282\" height=\"400\" data-id=\"76\" src=\"https:\/\/www.markolehti.fi\/wcms\/wp-content\/uploads\/2025\/10\/anatomia.jpg\" alt=\"\" class=\"wp-image-76\" srcset=\"https:\/\/www.markolehti.fi\/wcms\/wp-content\/uploads\/2025\/10\/anatomia.jpg 282w, https:\/\/www.markolehti.fi\/wcms\/wp-content\/uploads\/2025\/10\/anatomia-212x300.jpg 212w\" sizes=\"auto, (max-width: 282px) 100vw, 282px\" \/><\/figure>\n\n\n\n<figure class=\"wp-block-image size-full\"><img loading=\"lazy\" decoding=\"async\" width=\"282\" height=\"400\" data-id=\"74\" src=\"https:\/\/www.markolehti.fi\/wcms\/wp-content\/uploads\/2025\/10\/rekisteri.jpg\" alt=\"\" class=\"wp-image-74\" srcset=\"https:\/\/www.markolehti.fi\/wcms\/wp-content\/uploads\/2025\/10\/rekisteri.jpg 282w, https:\/\/www.markolehti.fi\/wcms\/wp-content\/uploads\/2025\/10\/rekisteri-212x300.jpg 212w\" sizes=\"auto, (max-width: 282px) 100vw, 282px\" \/><\/figure>\n\n\n\n<figure class=\"wp-block-image size-full\"><img loading=\"lazy\" decoding=\"async\" width=\"400\" height=\"288\" data-id=\"78\" src=\"https:\/\/www.markolehti.fi\/wcms\/wp-content\/uploads\/2025\/10\/kollageeni.jpg\" alt=\"\" class=\"wp-image-78\" srcset=\"https:\/\/www.markolehti.fi\/wcms\/wp-content\/uploads\/2025\/10\/kollageeni.jpg 400w, https:\/\/www.markolehti.fi\/wcms\/wp-content\/uploads\/2025\/10\/kollageeni-300x216.jpg 300w\" sizes=\"auto, (max-width: 400px) 100vw, 400px\" \/><\/figure>\n\n\n\n<figure class=\"wp-block-image size-full\"><img loading=\"lazy\" decoding=\"async\" width=\"400\" height=\"266\" data-id=\"75\" src=\"https:\/\/www.markolehti.fi\/wcms\/wp-content\/uploads\/2025\/10\/yrtti.jpg\" alt=\"\" class=\"wp-image-75\" srcset=\"https:\/\/www.markolehti.fi\/wcms\/wp-content\/uploads\/2025\/10\/yrtti.jpg 400w, https:\/\/www.markolehti.fi\/wcms\/wp-content\/uploads\/2025\/10\/yrtti-300x200.jpg 300w\" sizes=\"auto, (max-width: 400px) 100vw, 400px\" \/><\/figure>\n<\/figure>\n\n\n\n<p><\/p>\n\n\n\n<p><\/p>\n","protected":false},"excerpt":{"rendered":"<p>1991 Kaustisen Kansanl\u00e4\u00e4kint\u00e4keskuksesssa alkoi 2-vuotinen kansanparantajakoulutus, johon seitsem\u00e4st\u00e4kymmenest\u00e4 hakijasta valittiin 18 oppilasta. Koulutus oli kokop\u00e4iv\u00e4toimista viiten\u00e4 p\u00e4iv\u00e4n\u00e4 viikossa. Koulutukseen sis\u00e4ltyi hierojan tutkinto. J\u00e4senkorjausta ja kansanparannusta opetettiin jo alusta alkaen. Moni oppilaista oli jo useita vuosia kansanparantajana toiminut, eli kaikki eiv\u00e4t noviiseja olleet. Kev\u00e4\u00e4ll\u00e4 1993 kaksitoista heist\u00e4 valmistui ja n\u00e4ist\u00e4 seitsem\u00e4n on siit\u00e4 asti tehnyt p\u00e4\u00e4toimisesti [&hellip;]<\/p>\n","protected":false},"author":1,"featured_media":0,"parent":0,"menu_order":0,"comment_status":"closed","ping_status":"closed","template":"","meta":{"footnotes":""},"class_list":["post-24","page","type-page","status-publish","hentry"],"_links":{"self":[{"href":"https:\/\/www.markolehti.fi\/wcms\/wp-json\/wp\/v2\/pages\/24","targetHints":{"allow":["GET"]}}],"collection":[{"href":"https:\/\/www.markolehti.fi\/wcms\/wp-json\/wp\/v2\/pages"}],"about":[{"href":"https:\/\/www.markolehti.fi\/wcms\/wp-json\/wp\/v2\/types\/page"}],"author":[{"embeddable":true,"href":"https:\/\/www.markolehti.fi\/wcms\/wp-json\/wp\/v2\/users\/1"}],"replies":[{"embeddable":true,"href":"https:\/\/www.markolehti.fi\/wcms\/wp-json\/wp\/v2\/comments?post=24"}],"version-history":[{"count":6,"href":"https:\/\/www.markolehti.fi\/wcms\/wp-json\/wp\/v2\/pages\/24\/revisions"}],"predecessor-version":[{"id":83,"href":"https:\/\/www.markolehti.fi\/wcms\/wp-json\/wp\/v2\/pages\/24\/revisions\/83"}],"wp:attachment":[{"href":"https:\/\/www.markolehti.fi\/wcms\/wp-json\/wp\/v2\/media?parent=24"}],"curies":[{"name":"wp","href":"https:\/\/api.w.org\/{rel}","templated":true}]}}