{"id":2,"date":"2025-09-08T09:18:15","date_gmt":"2025-09-08T09:18:15","guid":{"rendered":"https:\/\/www.markolehti.fi\/wcms\/?page_id=2"},"modified":"2025-10-09T08:18:24","modified_gmt":"2025-10-09T08:18:24","slug":"sample-page","status":"publish","type":"page","link":"https:\/\/www.markolehti.fi\/wcms\/","title":{"rendered":"Tervetuloa vastaanotolleni !"},"content":{"rendered":"\n<p class=\"has-x-large-font-size\"><strong>Ajanvaraus puhelimitse: p.040 543 8264<\/strong><\/p>\n\n\n\n<p><\/p>\n\n\n\n<blockquote class=\"wp-block-quote is-layout-flow wp-block-quote-is-layout-flow\">\n<p class=\"has-contrast-color has-text-color has-link-color wp-elements-ee4f8a56676b80a71e2ae776e62d44ba\">Koulutettu Hieroja<\/p>\n\n\n\n<p class=\"has-contrast-color has-text-color has-link-color wp-elements-70f01c2496b7122b9156f6f3e992594c\">J\u00e4senkorjaaja yli 30 vuoden kokemuksella.<\/p>\n\n\n\n<p class=\"has-contrast-color has-text-color has-link-color wp-elements-f5d1c862e558f3fb13c67dad74458bb0\">Kokenein J\u00e4senkorjaaja Helsingin seudulla.<\/p>\n<\/blockquote>\n\n\n\n<p><\/p>\n\n\n\n<p><\/p>\n\n\n\n<p class=\"has-x-large-font-size\"><strong>Uusi keskeinen sijainti 13.10.2025 l\u00e4htien:<\/strong><br><\/p>\n\n\n\n<blockquote class=\"wp-block-quote is-layout-flow wp-block-quote-is-layout-flow\">\n<p class=\"has-contrast-color has-text-color has-link-color wp-elements-f36c474c6ea420481bfaf7128895edac\">TELKK\u00c4KUJA 7A 00200 HKI LAUTTASAARI<\/p>\n\n\n\n<p class=\"has-contrast-color has-text-color has-link-color wp-elements-b5895b9c682e274578159e828f5c54af\">200 Metri\u00e4 koivusaaren Metroasemasta<\/p>\n\n\n\n<p class=\"has-contrast-color has-text-color has-link-color wp-elements-3ef25391099bc3e2348aece148587c91\">Metron A ulosk\u00e4ynti Sotkatien suuntaan,<\/p>\n\n\n\n<p class=\"has-contrast-color has-text-color has-link-color wp-elements-79209873f8cb7dfac43a45eec2056cb0\">p\u00e4\u00e4ovesta ulos oikealla L\u00e4nsiv\u00e4yl\u00e4n alikulku k\u00e4yt\u00e4v\u00e4<\/p>\n\n\n\n<p class=\"has-contrast-color has-text-color has-link-color wp-elements-73a601faad5c1edce277908f8a615d38\">ja olet Telkk\u00e4kujalla.<\/p>\n<\/blockquote>\n\n\n\n<p class=\"has-contrast-color has-text-color has-link-color wp-elements-d288d0aca7b99722b16ec3c5c57a9e1e\"><br><img loading=\"lazy\" decoding=\"async\" width=\"500\" height=\"212\" class=\"wp-image-67\" style=\"width: 500px;\" src=\"https:\/\/www.markolehti.fi\/wcms\/wp-content\/uploads\/2025\/10\/1-scaled.jpg\" alt=\"\" srcset=\"https:\/\/www.markolehti.fi\/wcms\/wp-content\/uploads\/2025\/10\/1-scaled.jpg 2560w, https:\/\/www.markolehti.fi\/wcms\/wp-content\/uploads\/2025\/10\/1-300x127.jpg 300w, https:\/\/www.markolehti.fi\/wcms\/wp-content\/uploads\/2025\/10\/1-1024x434.jpg 1024w, https:\/\/www.markolehti.fi\/wcms\/wp-content\/uploads\/2025\/10\/1-768x326.jpg 768w, https:\/\/www.markolehti.fi\/wcms\/wp-content\/uploads\/2025\/10\/1-1536x651.jpg 1536w, https:\/\/www.markolehti.fi\/wcms\/wp-content\/uploads\/2025\/10\/1-2048x869.jpg 2048w\" sizes=\"auto, (max-width: 500px) 100vw, 500px\" \/><\/p>\n\n\n\n<p><br><img loading=\"lazy\" decoding=\"async\" width=\"500\" height=\"375\" class=\"wp-image-68\" style=\"width: 500px;\" src=\"https:\/\/www.markolehti.fi\/wcms\/wp-content\/uploads\/2025\/10\/2-scaled.jpg\" alt=\"\" srcset=\"https:\/\/www.markolehti.fi\/wcms\/wp-content\/uploads\/2025\/10\/2-scaled.jpg 2560w, https:\/\/www.markolehti.fi\/wcms\/wp-content\/uploads\/2025\/10\/2-300x225.jpg 300w, https:\/\/www.markolehti.fi\/wcms\/wp-content\/uploads\/2025\/10\/2-1024x768.jpg 1024w, https:\/\/www.markolehti.fi\/wcms\/wp-content\/uploads\/2025\/10\/2-768x576.jpg 768w, https:\/\/www.markolehti.fi\/wcms\/wp-content\/uploads\/2025\/10\/2-1536x1152.jpg 1536w, https:\/\/www.markolehti.fi\/wcms\/wp-content\/uploads\/2025\/10\/2-2048x1536.jpg 2048w\" sizes=\"auto, (max-width: 500px) 100vw, 500px\" \/><\/p>\n\n\n\n<p><\/p>\n\n\n\n<figure class=\"wp-block-image size-large is-resized\"><img loading=\"lazy\" decoding=\"async\" width=\"1024\" height=\"768\" src=\"https:\/\/www.markolehti.fi\/wcms\/wp-content\/uploads\/2025\/10\/3-1024x768.jpg\" alt=\"\" class=\"wp-image-69\" style=\"width:500px\" srcset=\"https:\/\/www.markolehti.fi\/wcms\/wp-content\/uploads\/2025\/10\/3-1024x768.jpg 1024w, https:\/\/www.markolehti.fi\/wcms\/wp-content\/uploads\/2025\/10\/3-300x225.jpg 300w, https:\/\/www.markolehti.fi\/wcms\/wp-content\/uploads\/2025\/10\/3-768x576.jpg 768w, https:\/\/www.markolehti.fi\/wcms\/wp-content\/uploads\/2025\/10\/3-1536x1152.jpg 1536w, https:\/\/www.markolehti.fi\/wcms\/wp-content\/uploads\/2025\/10\/3-2048x1536.jpg 2048w\" sizes=\"auto, (max-width: 1024px) 100vw, 1024px\" \/><\/figure>\n\n\n\n<p><\/p>\n\n\n\n<p>Ilmainen pys\u00e4k\u00f6inti pys\u00e4k\u00f6intikiekolla.<\/p>\n\n\n\n<figure class=\"wp-block-image size-large is-resized\"><img loading=\"lazy\" decoding=\"async\" width=\"1024\" height=\"718\" src=\"https:\/\/www.markolehti.fi\/wcms\/wp-content\/uploads\/2025\/10\/4-1024x718.jpg\" alt=\"\" class=\"wp-image-70\" style=\"width:500px\" srcset=\"https:\/\/www.markolehti.fi\/wcms\/wp-content\/uploads\/2025\/10\/4-1024x718.jpg 1024w, https:\/\/www.markolehti.fi\/wcms\/wp-content\/uploads\/2025\/10\/4-300x210.jpg 300w, https:\/\/www.markolehti.fi\/wcms\/wp-content\/uploads\/2025\/10\/4-768x539.jpg 768w, https:\/\/www.markolehti.fi\/wcms\/wp-content\/uploads\/2025\/10\/4.jpg 1065w\" sizes=\"auto, (max-width: 1024px) 100vw, 1024px\" \/><\/figure>\n","protected":false},"excerpt":{"rendered":"<p>Ajanvaraus puhelimitse: p.040 543 8264 Koulutettu Hieroja J\u00e4senkorjaaja yli 30 vuoden kokemuksella. Kokenein J\u00e4senkorjaaja Helsingin seudulla. Uusi keskeinen sijainti 13.10.2025 l\u00e4htien: TELKK\u00c4KUJA 7A 00200 HKI LAUTTASAARI 200 Metri\u00e4 koivusaaren Metroasemasta Metron A ulosk\u00e4ynti Sotkatien suuntaan, p\u00e4\u00e4ovesta ulos oikealla L\u00e4nsiv\u00e4yl\u00e4n alikulku k\u00e4yt\u00e4v\u00e4 ja olet Telkk\u00e4kujalla. Ilmainen pys\u00e4k\u00f6inti pys\u00e4k\u00f6intikiekolla.<\/p>\n","protected":false},"author":1,"featured_media":0,"parent":0,"menu_order":0,"comment_status":"closed","ping_status":"open","template":"","meta":{"footnotes":""},"class_list":["post-2","page","type-page","status-publish","hentry"],"_links":{"self":[{"href":"https:\/\/www.markolehti.fi\/wcms\/wp-json\/wp\/v2\/pages\/2","targetHints":{"allow":["GET"]}}],"collection":[{"href":"https:\/\/www.markolehti.fi\/wcms\/wp-json\/wp\/v2\/pages"}],"about":[{"href":"https:\/\/www.markolehti.fi\/wcms\/wp-json\/wp\/v2\/types\/page"}],"author":[{"embeddable":true,"href":"https:\/\/www.markolehti.fi\/wcms\/wp-json\/wp\/v2\/users\/1"}],"replies":[{"embeddable":true,"href":"https:\/\/www.markolehti.fi\/wcms\/wp-json\/wp\/v2\/comments?post=2"}],"version-history":[{"count":10,"href":"https:\/\/www.markolehti.fi\/wcms\/wp-json\/wp\/v2\/pages\/2\/revisions"}],"predecessor-version":[{"id":73,"href":"https:\/\/www.markolehti.fi\/wcms\/wp-json\/wp\/v2\/pages\/2\/revisions\/73"}],"wp:attachment":[{"href":"https:\/\/www.markolehti.fi\/wcms\/wp-json\/wp\/v2\/media?parent=2"}],"curies":[{"name":"wp","href":"https:\/\/api.w.org\/{rel}","templated":true}]}}